{"id":77,"date":"2023-10-02T17:04:07","date_gmt":"2023-10-02T15:04:07","guid":{"rendered":"http:\/\/amparts.be\/?page_id=77"},"modified":"2023-10-02T22:43:51","modified_gmt":"2023-10-02T20:43:51","slug":"outillage","status":"publish","type":"page","link":"https:\/\/amparts.be\/index.php\/5-2\/outillage\/","title":{"rendered":"Perceuse-visseuse sur batterie"},"content":{"rendered":"\n<h4 class=\"wp-block-heading has-small-font-size\">Plus d&rsquo;informations<\/h4>\n\n\n\n<p class=\"has-small-font-size\">Caract\u00e9ristiques techniques:\u2022 18 V \/ 4 Ah lithium-ion<br>\u2022 mandrin m\u00e9tallique sans cl\u00e9 de 13 mm<br>\u2022 couple de desserrage max. : 32 Nm<br>\u2022 r\u00e9gime : 0 &#8211; 370 \/ 1570 tr\/min<br>\u2022 dimension L x l x h : 184 x 76 x 235 mm<br>\u2022 poids : 0,95 kg<\/p>\n\n\n\n<p class=\"has-small-font-size\">\u2022 diam\u00e8tre de per\u00e7age&nbsp;:<br>&#8211; per\u00e7age dans l&rsquo;acier : 13 mm<br>&#8211; per\u00e7age dans le bois : 36 mmContenu de la livraison:\u2022 1 x perceuse-visseuse sur batterie 18 V<br>\u2022 2 x batterie 18 V \/ 4 Ah lithium-ion<br>\u2022 1 x chargeur de batterie 18 V<br>\u2022 1 x coffret GRANIT BLACK EDITION<\/p>\n","protected":false},"excerpt":{"rendered":"<p>Plus d&rsquo;informations Caract\u00e9ristiques techniques:\u2022 18 V \/ 4 Ah lithium-ion\u2022 mandrin m\u00e9tallique sans cl\u00e9 de 13 mm\u2022 couple de desserrage max. : 32 Nm\u2022 r\u00e9gime : 0 &#8211; 370 \/ 1570 tr\/min\u2022 dimension L x l x h : 184 x 76 x 235 mm\u2022 poids : 0,95 kg \u2022 diam\u00e8tre de per\u00e7age&nbsp;:&#8211; per\u00e7age dans [&hellip;]<\/p>\n","protected":false},"author":2,"featured_media":102,"parent":5,"menu_order":0,"comment_status":"closed","ping_status":"closed","template":"","meta":{"footnotes":""},"jetpack_sharing_enabled":true,"_links":{"self":[{"href":"https:\/\/amparts.be\/index.php\/wp-json\/wp\/v2\/pages\/77"}],"collection":[{"href":"https:\/\/amparts.be\/index.php\/wp-json\/wp\/v2\/pages"}],"about":[{"href":"https:\/\/amparts.be\/index.php\/wp-json\/wp\/v2\/types\/page"}],"author":[{"embeddable":true,"href":"https:\/\/amparts.be\/index.php\/wp-json\/wp\/v2\/users\/2"}],"replies":[{"embeddable":true,"href":"https:\/\/amparts.be\/index.php\/wp-json\/wp\/v2\/comments?post=77"}],"version-history":[{"count":3,"href":"https:\/\/amparts.be\/index.php\/wp-json\/wp\/v2\/pages\/77\/revisions"}],"predecessor-version":[{"id":104,"href":"https:\/\/amparts.be\/index.php\/wp-json\/wp\/v2\/pages\/77\/revisions\/104"}],"up":[{"embeddable":true,"href":"https:\/\/amparts.be\/index.php\/wp-json\/wp\/v2\/pages\/5"}],"wp:featuredmedia":[{"embeddable":true,"href":"https:\/\/amparts.be\/index.php\/wp-json\/wp\/v2\/media\/102"}],"wp:attachment":[{"href":"https:\/\/amparts.be\/index.php\/wp-json\/wp\/v2\/media?parent=77"}],"curies":[{"name":"wp","href":"https:\/\/api.w.org\/{rel}","templated":true}]}}